{"id":10215,"date":"2025-05-11T17:32:59","date_gmt":"2025-05-11T17:32:59","guid":{"rendered":"https:\/\/succulux.be\/?post_type=product&#038;p=10215"},"modified":"2026-03-31T17:24:57","modified_gmt":"2026-03-31T17:24:57","slug":"macrame-muurhanger","status":"publish","type":"product","link":"https:\/\/succulux.be\/nl\/product\/macrame-muurhanger\/","title":{"rendered":"MACRAM\u00c9 MUURHANGER"},"content":{"rendered":"<h3 data-start=\"1031\" data-end=\"1072\"><strong data-start=\"1074\" data-end=\"1138\">MACRAM\u00c9 MUURHANGER \u2013 Sfeervolle Plantenhanger van Natuurlijk Katoen<\/strong><\/h3>\n<p data-start=\"1140\" data-end=\"1505\">De <strong data-start=\"329\" data-end=\"351\">MACRAM\u00c9 MUURHANGER<\/strong>\u00a0is een handgemaakte macram\u00e9 plantenhanger die zorgt voor een stijlvolle, bohemian uitstraling in je interieur. Geknoopt met 100% natuurlijk katoentouw en een zachte cr\u00e8mekleur, is deze hanger een prachtige manier om planten speels en verticaal te presenteren. Perfect voor gebruik binnenshuis en eenvoudig op te hangen aan een haak of muurbeugel.<\/p>\n<p data-start=\"1507\" data-end=\"1553\"><strong data-start=\"1507\" data-end=\"1517\">Prijs:<\/strong> \u20ac24,95<br data-start=\"1524\" data-end=\"1527\" \/><strong data-start=\"1527\" data-end=\"1553\">Exclusief pot en plant<\/strong><\/p>\n<h4 data-start=\"1555\" data-end=\"1584\">Belangrijkste Kenmerken:<\/h4>\n<ul data-start=\"1585\" data-end=\"1859\">\n<li data-start=\"1585\" data-end=\"1624\">\n<p data-start=\"1587\" data-end=\"1624\">Materiaal: <strong data-start=\"1598\" data-end=\"1624\">100% natuurlijk katoen<\/strong><\/p>\n<\/li>\n<li data-start=\"1625\" data-end=\"1656\">\n<p data-start=\"1627\" data-end=\"1656\">Totale lengte: ca. <strong data-start=\"1646\" data-end=\"1656\">100 cm<\/strong><\/p>\n<\/li>\n<li data-start=\"1657\" data-end=\"1686\">\n<p data-start=\"1659\" data-end=\"1686\">Kleur: Cr\u00e8me \/ gebroken wit<\/p>\n<\/li>\n<li data-start=\"1687\" data-end=\"1735\">\n<p data-start=\"1689\" data-end=\"1735\">Geschikt voor potten van <strong data-start=\"1714\" data-end=\"1735\">15\u201318 cm diameter<\/strong><\/p>\n<\/li>\n<li data-start=\"1736\" data-end=\"1770\">\n<p data-start=\"1738\" data-end=\"1770\">Handgeknoopt \u2013 elk stuk is uniek<\/p>\n<\/li>\n<li data-start=\"1771\" data-end=\"1817\">\n<p data-start=\"1773\" data-end=\"1817\">Boho, minimalistisch of natuurlijk interieur<\/p>\n<\/li>\n<li data-start=\"1818\" data-end=\"1859\">\n<p data-start=\"1820\" data-end=\"1859\">Lichtgewicht en makkelijk te bevestigen<\/p>\n<\/li>\n<\/ul>\n<p data-start=\"917\" data-end=\"1188\"><a href=\"https:\/\/succulux.be\/nl\/shop\/\">Meer mooie producten ontdekken? <\/a><\/p>\n<p data-start=\"917\" data-end=\"1188\"><a href=\"https:\/\/www.bol.com\/be\/nl\/w\/planten-succulux-be\/1700285+13130\/\">Koop bij Bol.com<\/a><\/p>","protected":false},"excerpt":{"rendered":"<p data-start=\"1140\" data-end=\"1505\">De\u00a0<strong data-start=\"329\" data-end=\"351\">MACRAM\u00c9 MUURHANGER<\/strong>\u00a0is een handgemaakte macram\u00e9 plantenhanger die zorgt voor een stijlvolle, bohemian uitstraling in je interieur. Geknoopt met 100% natuurlijk katoentouw en een zachte cr\u00e8mekleur, is deze hanger een prachtige manier om planten speels en verticaal te presenteren. Perfect voor gebruik binnenshuis en eenvoudig op te hangen aan een haak of muurbeugel.<\/p>","protected":false},"featured_media":10216,"comment_status":"open","ping_status":"closed","template":"","meta":[],"product_brand":[],"product_cat":[15],"product_tag":[],"class_list":{"0":"post-10215","1":"product","2":"type-product","3":"status-publish","4":"has-post-thumbnail","6":"product_cat-accessoires","7":"tm-no-options","9":"first","10":"instock","11":"taxable","12":"shipping-taxable","13":"purchasable","14":"product-type-simple"},"yoast_head":"<!-- This site is optimized with the Yoast SEO plugin v27.3 - https:\/\/yoast.com\/product\/yoast-seo-wordpress\/ -->\n<title>MACRAM\u00c9 MUURHANGER - succulux.be<\/title>\n<meta name=\"description\" content=\"De MACRAM\u00c9 MUURHANGER is een handgemaakte macram\u00e9 plantenhanger die zorgt voor een stijlvolle, bohemian uitstraling in je interieur..\" \/>\n<meta name=\"robots\" content=\"index, follow, max-snippet:-1, max-image-preview:large, max-video-preview:-1\" \/>\n<link rel=\"canonical\" href=\"https:\/\/succulux.be\/nl\/product\/macrame-muurhanger\/\" \/>\n<meta property=\"og:locale\" content=\"nl_NL\" \/>\n<meta property=\"og:type\" content=\"article\" \/>\n<meta property=\"og:title\" content=\"MACRAM\u00c9 MUURHANGER - succulux.be\" \/>\n<meta property=\"og:description\" content=\"De MACRAM\u00c9 MUURHANGER is een handgemaakte macram\u00e9 plantenhanger die zorgt voor een stijlvolle, bohemian uitstraling in je interieur..\" \/>\n<meta property=\"og:url\" content=\"https:\/\/succulux.be\/nl\/product\/macrame-muurhanger\/\" \/>\n<meta property=\"og:site_name\" content=\"succulux.be\" \/>\n<meta property=\"article:publisher\" content=\"https:\/\/www.facebook.com\/share\/16Q5KAzjCb\/?mibextid=wwXIfr\" \/>\n<meta property=\"article:modified_time\" content=\"2026-03-31T17:24:57+00:00\" \/>\n<meta property=\"og:image\" content=\"https:\/\/succulux.be\/wp-content\/uploads\/2025\/05\/5600442836738.a.png\" \/>\n\t<meta property=\"og:image:width\" content=\"1600\" \/>\n\t<meta property=\"og:image:height\" content=\"1600\" \/>\n\t<meta property=\"og:image:type\" content=\"image\/png\" \/>\n<meta name=\"twitter:card\" content=\"summary_large_image\" \/>\n<meta name=\"twitter:label1\" content=\"Geschatte leestijd\" \/>\n\t<meta name=\"twitter:data1\" content=\"1 minuut\" \/>\n<script type=\"application\/ld+json\" class=\"yoast-schema-graph\">{\"@context\":\"https:\\\/\\\/schema.org\",\"@graph\":[{\"@type\":\"WebPage\",\"@id\":\"https:\\\/\\\/succulux.be\\\/product\\\/macrame-muurhanger\\\/\",\"url\":\"https:\\\/\\\/succulux.be\\\/product\\\/macrame-muurhanger\\\/\",\"name\":\"MACRAM\u00c9 MUURHANGER - succulux.be\",\"isPartOf\":{\"@id\":\"https:\\\/\\\/succulux.be\\\/#website\"},\"primaryImageOfPage\":{\"@id\":\"https:\\\/\\\/succulux.be\\\/product\\\/macrame-muurhanger\\\/#primaryimage\"},\"image\":{\"@id\":\"https:\\\/\\\/succulux.be\\\/product\\\/macrame-muurhanger\\\/#primaryimage\"},\"thumbnailUrl\":\"https:\\\/\\\/succulux.be\\\/wp-content\\\/uploads\\\/2025\\\/05\\\/5600442836738.a.png\",\"datePublished\":\"2025-05-11T17:32:59+00:00\",\"dateModified\":\"2026-03-31T17:24:57+00:00\",\"description\":\"De MACRAM\u00c9 MUURHANGER is een handgemaakte macram\u00e9 plantenhanger die zorgt voor een stijlvolle, bohemian uitstraling in je interieur..\",\"breadcrumb\":{\"@id\":\"https:\\\/\\\/succulux.be\\\/product\\\/macrame-muurhanger\\\/#breadcrumb\"},\"inLanguage\":\"nl-NL\",\"potentialAction\":[{\"@type\":\"ReadAction\",\"target\":[\"https:\\\/\\\/succulux.be\\\/product\\\/macrame-muurhanger\\\/\"]}]},{\"@type\":\"ImageObject\",\"inLanguage\":\"nl-NL\",\"@id\":\"https:\\\/\\\/succulux.be\\\/product\\\/macrame-muurhanger\\\/#primaryimage\",\"url\":\"https:\\\/\\\/succulux.be\\\/wp-content\\\/uploads\\\/2025\\\/05\\\/5600442836738.a.png\",\"contentUrl\":\"https:\\\/\\\/succulux.be\\\/wp-content\\\/uploads\\\/2025\\\/05\\\/5600442836738.a.png\",\"width\":1600,\"height\":1600,\"caption\":\"MACRAM\u00c9 MUURHANGER\"},{\"@type\":\"BreadcrumbList\",\"@id\":\"https:\\\/\\\/succulux.be\\\/product\\\/macrame-muurhanger\\\/#breadcrumb\",\"itemListElement\":[{\"@type\":\"ListItem\",\"position\":1,\"name\":\"Home\",\"item\":\"https:\\\/\\\/succulux.be\\\/\"},{\"@type\":\"ListItem\",\"position\":2,\"name\":\"Shop\",\"item\":\"https:\\\/\\\/succulux.be\\\/shop\\\/\"},{\"@type\":\"ListItem\",\"position\":3,\"name\":\"MACRAM\u00c9 MUURHANGER\"}]},{\"@type\":\"WebSite\",\"@id\":\"https:\\\/\\\/succulux.be\\\/#website\",\"url\":\"https:\\\/\\\/succulux.be\\\/\",\"name\":\"succulux.be\",\"description\":\"Succulux: Where Style Meets Nature\",\"publisher\":{\"@id\":\"https:\\\/\\\/succulux.be\\\/#organization\"},\"potentialAction\":[{\"@type\":\"SearchAction\",\"target\":{\"@type\":\"EntryPoint\",\"urlTemplate\":\"https:\\\/\\\/succulux.be\\\/?s={search_term_string}\"},\"query-input\":{\"@type\":\"PropertyValueSpecification\",\"valueRequired\":true,\"valueName\":\"search_term_string\"}}],\"inLanguage\":\"nl-NL\"},{\"@type\":\"Organization\",\"@id\":\"https:\\\/\\\/succulux.be\\\/#organization\",\"name\":\"succulux.be\",\"url\":\"https:\\\/\\\/succulux.be\\\/\",\"logo\":{\"@type\":\"ImageObject\",\"inLanguage\":\"nl-NL\",\"@id\":\"https:\\\/\\\/succulux.be\\\/#\\\/schema\\\/logo\\\/image\\\/\",\"url\":\"https:\\\/\\\/succulux.be\\\/wp-content\\\/uploads\\\/2025\\\/02\\\/logoooo.png\",\"contentUrl\":\"https:\\\/\\\/succulux.be\\\/wp-content\\\/uploads\\\/2025\\\/02\\\/logoooo.png\",\"width\":443,\"height\":120,\"caption\":\"succulux.be\"},\"image\":{\"@id\":\"https:\\\/\\\/succulux.be\\\/#\\\/schema\\\/logo\\\/image\\\/\"},\"sameAs\":[\"https:\\\/\\\/www.facebook.com\\\/share\\\/16Q5KAzjCb\\\/?mibextid=wwXIfr\"]}]}<\/script>\n<!-- \/ Yoast SEO plugin. -->","yoast_head_json":{"title":"MACRAM\u00c9 MUURHANGER - succulux.be","description":"De MACRAM\u00c9 MUURHANGER is een handgemaakte macram\u00e9 plantenhanger die zorgt voor een stijlvolle, bohemian uitstraling in je interieur..","robots":{"index":"index","follow":"follow","max-snippet":"max-snippet:-1","max-image-preview":"max-image-preview:large","max-video-preview":"max-video-preview:-1"},"canonical":"https:\/\/succulux.be\/nl\/product\/macrame-muurhanger\/","og_locale":"nl_NL","og_type":"article","og_title":"MACRAM\u00c9 MUURHANGER - succulux.be","og_description":"De MACRAM\u00c9 MUURHANGER is een handgemaakte macram\u00e9 plantenhanger die zorgt voor een stijlvolle, bohemian uitstraling in je interieur..","og_url":"https:\/\/succulux.be\/nl\/product\/macrame-muurhanger\/","og_site_name":"succulux.be","article_publisher":"https:\/\/www.facebook.com\/share\/16Q5KAzjCb\/?mibextid=wwXIfr","article_modified_time":"2026-03-31T17:24:57+00:00","og_image":[{"width":1600,"height":1600,"url":"https:\/\/succulux.be\/wp-content\/uploads\/2025\/05\/5600442836738.a.png","type":"image\/png"}],"twitter_card":"summary_large_image","twitter_misc":{"Geschatte leestijd":"1 minuut"},"schema":{"@context":"https:\/\/schema.org","@graph":[{"@type":"WebPage","@id":"https:\/\/succulux.be\/product\/macrame-muurhanger\/","url":"https:\/\/succulux.be\/product\/macrame-muurhanger\/","name":"MACRAM\u00c9 MUURHANGER - succulux.be","isPartOf":{"@id":"https:\/\/succulux.be\/#website"},"primaryImageOfPage":{"@id":"https:\/\/succulux.be\/product\/macrame-muurhanger\/#primaryimage"},"image":{"@id":"https:\/\/succulux.be\/product\/macrame-muurhanger\/#primaryimage"},"thumbnailUrl":"https:\/\/succulux.be\/wp-content\/uploads\/2025\/05\/5600442836738.a.png","datePublished":"2025-05-11T17:32:59+00:00","dateModified":"2026-03-31T17:24:57+00:00","description":"De MACRAM\u00c9 MUURHANGER is een handgemaakte macram\u00e9 plantenhanger die zorgt voor een stijlvolle, bohemian uitstraling in je interieur..","breadcrumb":{"@id":"https:\/\/succulux.be\/product\/macrame-muurhanger\/#breadcrumb"},"inLanguage":"nl-NL","potentialAction":[{"@type":"ReadAction","target":["https:\/\/succulux.be\/product\/macrame-muurhanger\/"]}]},{"@type":"ImageObject","inLanguage":"nl-NL","@id":"https:\/\/succulux.be\/product\/macrame-muurhanger\/#primaryimage","url":"https:\/\/succulux.be\/wp-content\/uploads\/2025\/05\/5600442836738.a.png","contentUrl":"https:\/\/succulux.be\/wp-content\/uploads\/2025\/05\/5600442836738.a.png","width":1600,"height":1600,"caption":"MACRAM\u00c9 MUURHANGER"},{"@type":"BreadcrumbList","@id":"https:\/\/succulux.be\/product\/macrame-muurhanger\/#breadcrumb","itemListElement":[{"@type":"ListItem","position":1,"name":"Home","item":"https:\/\/succulux.be\/"},{"@type":"ListItem","position":2,"name":"Shop","item":"https:\/\/succulux.be\/shop\/"},{"@type":"ListItem","position":3,"name":"MACRAM\u00c9 MUURHANGER"}]},{"@type":"WebSite","@id":"https:\/\/succulux.be\/#website","url":"https:\/\/succulux.be\/","name":"succulux.be","description":"Succulux: Where Style Meets Nature","publisher":{"@id":"https:\/\/succulux.be\/#organization"},"potentialAction":[{"@type":"SearchAction","target":{"@type":"EntryPoint","urlTemplate":"https:\/\/succulux.be\/?s={search_term_string}"},"query-input":{"@type":"PropertyValueSpecification","valueRequired":true,"valueName":"search_term_string"}}],"inLanguage":"nl-NL"},{"@type":"Organization","@id":"https:\/\/succulux.be\/#organization","name":"succulux.be","url":"https:\/\/succulux.be\/","logo":{"@type":"ImageObject","inLanguage":"nl-NL","@id":"https:\/\/succulux.be\/#\/schema\/logo\/image\/","url":"https:\/\/succulux.be\/wp-content\/uploads\/2025\/02\/logoooo.png","contentUrl":"https:\/\/succulux.be\/wp-content\/uploads\/2025\/02\/logoooo.png","width":443,"height":120,"caption":"succulux.be"},"image":{"@id":"https:\/\/succulux.be\/#\/schema\/logo\/image\/"},"sameAs":["https:\/\/www.facebook.com\/share\/16Q5KAzjCb\/?mibextid=wwXIfr"]}]}},"_links":{"self":[{"href":"https:\/\/succulux.be\/nl\/wp-json\/wp\/v2\/product\/10215","targetHints":{"allow":["GET"]}}],"collection":[{"href":"https:\/\/succulux.be\/nl\/wp-json\/wp\/v2\/product"}],"about":[{"href":"https:\/\/succulux.be\/nl\/wp-json\/wp\/v2\/types\/product"}],"replies":[{"embeddable":true,"href":"https:\/\/succulux.be\/nl\/wp-json\/wp\/v2\/comments?post=10215"}],"wp:featuredmedia":[{"embeddable":true,"href":"https:\/\/succulux.be\/nl\/wp-json\/wp\/v2\/media\/10216"}],"wp:attachment":[{"href":"https:\/\/succulux.be\/nl\/wp-json\/wp\/v2\/media?parent=10215"}],"wp:term":[{"taxonomy":"product_brand","embeddable":true,"href":"https:\/\/succulux.be\/nl\/wp-json\/wp\/v2\/product_brand?post=10215"},{"taxonomy":"product_cat","embeddable":true,"href":"https:\/\/succulux.be\/nl\/wp-json\/wp\/v2\/product_cat?post=10215"},{"taxonomy":"product_tag","embeddable":true,"href":"https:\/\/succulux.be\/nl\/wp-json\/wp\/v2\/product_tag?post=10215"}],"curies":[{"name":"wp","href":"https:\/\/api.w.org\/{rel}","templated":true}]}}